{"id":76,"date":"2017-09-29T18:28:11","date_gmt":"2017-09-29T18:28:11","guid":{"rendered":"https:\/\/www.lomanegra.com\/?page_id=76"},"modified":"2026-03-18T14:43:07","modified_gmt":"2026-03-18T14:43:07","slug":"quienes-somos","status":"publish","type":"page","link":"https:\/\/www.lomanegra.com\/en\/who-we-are\/","title":{"rendered":"Who we are"},"content":{"rendered":"","protected":false},"excerpt":{"rendered":"<p class=\"qtranxs-available-languages-message qtranxs-available-languages-message-en\">Sorry, this entry is only available in <a href=\"https:\/\/www.lomanegra.com\/es\/wp-json\/wp\/v2\/pages\/76\" class=\"qtranxs-available-language-link qtranxs-available-language-link-es\" title=\"ES\">ES<\/a>. For the sake of viewer convenience, the content is shown below in the alternative language. You may click the link to switch the active language.<\/p>\n<p>Loma Negra es la empresa L\u00edder en la producci\u00f3n y comercializaci\u00f3n de cemento en la Argentina y somos protagonistas de la industria de la construcci\u00f3n.<\/p>\n","protected":false},"author":6,"featured_media":0,"parent":0,"menu_order":0,"comment_status":"closed","ping_status":"closed","template":"","meta":{"_joinchat":[],"footnotes":""},"class_list":["post-76","page","type-page","status-publish","hentry"],"acf":[],"yoast_head":"<!-- This site is optimized with the Yoast SEO plugin v25.3.1 - https:\/\/yoast.com\/wordpress\/plugins\/seo\/ -->\n<title>Who we are - Loma Negra<\/title>\n<meta name=\"description\" content=\"Loma Negra es la empresa L\u00edder en la producci\u00f3n y comercializaci\u00f3n de cemento en la Argentina. Somos protagonistas de la industria de la construcci\u00f3n.\" \/>\n<meta name=\"robots\" content=\"index, follow, max-snippet:-1, max-image-preview:large, max-video-preview:-1\" \/>\n<link rel=\"canonical\" href=\"https:\/\/www.lomanegra.com\/quienes-somos\/\" \/>\n<meta property=\"og:locale\" content=\"en_US\" \/>\n<meta property=\"og:type\" content=\"article\" \/>\n<meta property=\"og:title\" content=\"Who we are - Loma Negra\" \/>\n<meta property=\"og:description\" content=\"{:es}Loma Negra es la empresa L\u00edder en la producci\u00f3n y comercializaci\u00f3n de cemento en la Argentina. Somos protagonistas de la industria de la construcci\u00f3n.{:}\" \/>\n<meta property=\"og:url\" content=\"https:\/\/www.lomanegra.com\/quienes-somos\/\" \/>\n<meta property=\"og:site_name\" content=\"Loma Negra\" \/>\n<meta property=\"article:modified_time\" content=\"2026-03-18T14:43:07+00:00\" \/>\n<meta name=\"twitter:card\" content=\"summary_large_image\" \/>\n<meta name=\"twitter:label1\" content=\"Est. reading time\" \/>\n\t<meta name=\"twitter:data1\" content=\"6 minutes\" \/>\n<script type=\"application\/ld+json\" class=\"yoast-schema-graph\">{\"@context\":\"https:\/\/schema.org\",\"@graph\":[{\"@type\":\"WebPage\",\"@id\":\"https:\/\/www.lomanegra.com\/quienes-somos\/\",\"url\":\"https:\/\/www.lomanegra.com\/quienes-somos\/\",\"name\":\"Who we are - Loma Negra\",\"isPartOf\":{\"@id\":\"https:\/\/www.lomanegra.com\/en\/#website\"},\"datePublished\":\"2017-09-29T18:28:11+00:00\",\"dateModified\":\"2026-03-18T14:43:07+00:00\",\"description\":\"{:es}Loma Negra es la empresa L\u00edder en la producci\u00f3n y comercializaci\u00f3n de cemento en la Argentina. Somos protagonistas de la industria de la construcci\u00f3n.{:}\",\"breadcrumb\":{\"@id\":\"https:\/\/www.lomanegra.com\/quienes-somos\/#breadcrumb\"},\"inLanguage\":\"en-US\",\"potentialAction\":[{\"@type\":\"ReadAction\",\"target\":[\"https:\/\/www.lomanegra.com\/quienes-somos\/\"]}]},{\"@type\":\"BreadcrumbList\",\"@id\":\"https:\/\/www.lomanegra.com\/quienes-somos\/#breadcrumb\",\"itemListElement\":[{\"@type\":\"ListItem\",\"position\":1,\"name\":\"Inicio\",\"item\":\"https:\/\/www.lomanegra.com\/\"},{\"@type\":\"ListItem\",\"position\":2,\"name\":\"Qui\u00e9nes Somos\"}]},{\"@type\":\"WebSite\",\"@id\":\"https:\/\/www.lomanegra.com\/en\/#website\",\"url\":\"https:\/\/www.lomanegra.com\/en\/\",\"name\":\"Loma Negra\",\"description\":\"Construyendo alianzas sustentables\",\"publisher\":{\"@id\":\"https:\/\/www.lomanegra.com\/en\/#organization\"},\"potentialAction\":[{\"@type\":\"SearchAction\",\"target\":{\"@type\":\"EntryPoint\",\"urlTemplate\":\"https:\/\/www.lomanegra.com\/en\/?s={search_term_string}\"},\"query-input\":{\"@type\":\"PropertyValueSpecification\",\"valueRequired\":true,\"valueName\":\"search_term_string\"}}],\"inLanguage\":\"en-US\"},{\"@type\":\"Organization\",\"@id\":\"https:\/\/www.lomanegra.com\/en\/#organization\",\"name\":\"Loma Negra\",\"url\":\"https:\/\/www.lomanegra.com\/en\/\",\"logo\":{\"@type\":\"ImageObject\",\"inLanguage\":\"en-US\",\"@id\":\"https:\/\/www.lomanegra.com\/en\/#\/schema\/logo\/image\/\",\"url\":\"https:\/\/www.lomanegra.com\/wp-content\/uploads\/2017\/09\/logo-loma-negra.png\",\"contentUrl\":\"https:\/\/www.lomanegra.com\/wp-content\/uploads\/2017\/09\/logo-loma-negra.png\",\"width\":271,\"height\":99,\"caption\":\"Loma Negra\"},\"image\":{\"@id\":\"https:\/\/www.lomanegra.com\/en\/#\/schema\/logo\/image\/\"}}]}<\/script>\n<!-- \/ Yoast SEO plugin. -->","yoast_head_json":{"title":"Who we are - Loma Negra","description":"Loma Negra es la empresa L\u00edder en la producci\u00f3n y comercializaci\u00f3n de cemento en la Argentina. Somos protagonistas de la industria de la construcci\u00f3n.","robots":{"index":"index","follow":"follow","max-snippet":"max-snippet:-1","max-image-preview":"max-image-preview:large","max-video-preview":"max-video-preview:-1"},"canonical":"https:\/\/www.lomanegra.com\/quienes-somos\/","og_locale":"en_US","og_type":"article","og_title":"Who we are - Loma Negra","og_description":"{:es}Loma Negra es la empresa L\u00edder en la producci\u00f3n y comercializaci\u00f3n de cemento en la Argentina. Somos protagonistas de la industria de la construcci\u00f3n.{:}","og_url":"https:\/\/www.lomanegra.com\/quienes-somos\/","og_site_name":"Loma Negra","article_modified_time":"2026-03-18T14:43:07+00:00","twitter_card":"summary_large_image","twitter_misc":{"Est. reading time":"6 minutes"},"schema":{"@context":"https:\/\/schema.org","@graph":[{"@type":"WebPage","@id":"https:\/\/www.lomanegra.com\/quienes-somos\/","url":"https:\/\/www.lomanegra.com\/quienes-somos\/","name":"Who we are - Loma Negra","isPartOf":{"@id":"https:\/\/www.lomanegra.com\/en\/#website"},"datePublished":"2017-09-29T18:28:11+00:00","dateModified":"2026-03-18T14:43:07+00:00","description":"{:es}Loma Negra es la empresa L\u00edder en la producci\u00f3n y comercializaci\u00f3n de cemento en la Argentina. Somos protagonistas de la industria de la construcci\u00f3n.{:}","breadcrumb":{"@id":"https:\/\/www.lomanegra.com\/quienes-somos\/#breadcrumb"},"inLanguage":"en-US","potentialAction":[{"@type":"ReadAction","target":["https:\/\/www.lomanegra.com\/quienes-somos\/"]}]},{"@type":"BreadcrumbList","@id":"https:\/\/www.lomanegra.com\/quienes-somos\/#breadcrumb","itemListElement":[{"@type":"ListItem","position":1,"name":"Inicio","item":"https:\/\/www.lomanegra.com\/"},{"@type":"ListItem","position":2,"name":"Qui\u00e9nes Somos"}]},{"@type":"WebSite","@id":"https:\/\/www.lomanegra.com\/en\/#website","url":"https:\/\/www.lomanegra.com\/en\/","name":"Loma Negra","description":"Construyendo alianzas sustentables","publisher":{"@id":"https:\/\/www.lomanegra.com\/en\/#organization"},"potentialAction":[{"@type":"SearchAction","target":{"@type":"EntryPoint","urlTemplate":"https:\/\/www.lomanegra.com\/en\/?s={search_term_string}"},"query-input":{"@type":"PropertyValueSpecification","valueRequired":true,"valueName":"search_term_string"}}],"inLanguage":"en-US"},{"@type":"Organization","@id":"https:\/\/www.lomanegra.com\/en\/#organization","name":"Loma Negra","url":"https:\/\/www.lomanegra.com\/en\/","logo":{"@type":"ImageObject","inLanguage":"en-US","@id":"https:\/\/www.lomanegra.com\/en\/#\/schema\/logo\/image\/","url":"https:\/\/www.lomanegra.com\/wp-content\/uploads\/2017\/09\/logo-loma-negra.png","contentUrl":"https:\/\/www.lomanegra.com\/wp-content\/uploads\/2017\/09\/logo-loma-negra.png","width":271,"height":99,"caption":"Loma Negra"},"image":{"@id":"https:\/\/www.lomanegra.com\/en\/#\/schema\/logo\/image\/"}}]}},"_links":{"self":[{"href":"https:\/\/www.lomanegra.com\/en\/wp-json\/wp\/v2\/pages\/76","targetHints":{"allow":["GET"]}}],"collection":[{"href":"https:\/\/www.lomanegra.com\/en\/wp-json\/wp\/v2\/pages"}],"about":[{"href":"https:\/\/www.lomanegra.com\/en\/wp-json\/wp\/v2\/types\/page"}],"author":[{"embeddable":true,"href":"https:\/\/www.lomanegra.com\/en\/wp-json\/wp\/v2\/users\/6"}],"replies":[{"embeddable":true,"href":"https:\/\/www.lomanegra.com\/en\/wp-json\/wp\/v2\/comments?post=76"}],"version-history":[{"count":91,"href":"https:\/\/www.lomanegra.com\/en\/wp-json\/wp\/v2\/pages\/76\/revisions"}],"predecessor-version":[{"id":10084,"href":"https:\/\/www.lomanegra.com\/en\/wp-json\/wp\/v2\/pages\/76\/revisions\/10084"}],"wp:attachment":[{"href":"https:\/\/www.lomanegra.com\/en\/wp-json\/wp\/v2\/media?parent=76"}],"curies":[{"name":"wp","href":"https:\/\/api.w.org\/{rel}","templated":true}]}}