{"id":4,"date":"2017-09-25T12:32:33","date_gmt":"2017-09-25T12:32:33","guid":{"rendered":"https:\/\/www.lomanegra.com\/?page_id=4"},"modified":"2026-01-26T19:42:01","modified_gmt":"2026-01-26T19:42:01","slug":"inicio","status":"publish","type":"page","link":"https:\/\/www.lomanegra.com\/en\/","title":{"rendered":"Inicio"},"content":{"rendered":"","protected":false},"excerpt":{"rendered":"<p>Loma Negra is a Leading company in the production and commercialization of cement in Argentina.<\/p>\n","protected":false},"author":6,"featured_media":1675,"parent":0,"menu_order":0,"comment_status":"closed","ping_status":"closed","template":"","meta":{"_joinchat":[],"footnotes":""},"class_list":["post-4","page","type-page","status-publish","has-post-thumbnail","hentry"],"acf":[],"yoast_head":"<!-- This site is optimized with the Yoast SEO plugin v25.3.1 - https:\/\/yoast.com\/wordpress\/plugins\/seo\/ -->\n<title>Loma Negra, L\u00edder en la producci\u00f3n y comercializaci\u00f3n de cemento<\/title>\n<meta name=\"description\" content=\"Loma Negra es la empresa L\u00edder en la producci\u00f3n y comercializaci\u00f3n de cemento en la Argentina y somos protagonistas de la industria de la construcci\u00f3n.\" \/>\n<meta name=\"robots\" content=\"index, follow, max-snippet:-1, max-image-preview:large, max-video-preview:-1\" \/>\n<link rel=\"canonical\" href=\"https:\/\/www.lomanegra.com\/\" \/>\n<meta property=\"og:locale\" content=\"en_US\" \/>\n<meta property=\"og:type\" content=\"article\" \/>\n<meta property=\"og:title\" content=\"Loma Negra, L\u00edder en la producci\u00f3n y comercializaci\u00f3n de cemento\" \/>\n<meta property=\"og:description\" content=\"Loma Negra es la empresa L\u00edder en la producci\u00f3n y comercializaci\u00f3n de cemento en la Argentina y somos protagonistas de la industria de la construcci\u00f3n.\" \/>\n<meta property=\"og:url\" content=\"https:\/\/www.lomanegra.com\/\" \/>\n<meta property=\"og:site_name\" content=\"Loma Negra\" \/>\n<meta property=\"article:modified_time\" content=\"2026-01-26T19:42:01+00:00\" \/>\n<meta property=\"og:image\" content=\"https:\/\/www.lomanegra.com\/wp-content\/uploads\/2017\/10\/loma-negra-logo.png\" \/>\n\t<meta property=\"og:image:width\" content=\"600\" \/>\n\t<meta property=\"og:image:height\" content=\"600\" \/>\n\t<meta property=\"og:image:type\" content=\"image\/png\" \/>\n<meta name=\"twitter:card\" content=\"summary_large_image\" \/>\n<meta name=\"twitter:label1\" content=\"Est. reading time\" \/>\n\t<meta name=\"twitter:data1\" content=\"2 minutes\" \/>\n<script type=\"application\/ld+json\" class=\"yoast-schema-graph\">{\"@context\":\"https:\/\/schema.org\",\"@graph\":[{\"@type\":\"WebPage\",\"@id\":\"https:\/\/www.lomanegra.com\/\",\"url\":\"https:\/\/www.lomanegra.com\/\",\"name\":\"Loma Negra, L\u00edder en la producci\u00f3n y comercializaci\u00f3n de cemento\",\"isPartOf\":{\"@id\":\"https:\/\/www.lomanegra.com\/en\/#website\"},\"primaryImageOfPage\":{\"@id\":\"https:\/\/www.lomanegra.com\/#primaryimage\"},\"image\":{\"@id\":\"https:\/\/www.lomanegra.com\/#primaryimage\"},\"thumbnailUrl\":\"https:\/\/www.lomanegra.com\/wp-content\/uploads\/2017\/10\/loma-negra-logo.png\",\"datePublished\":\"2017-09-25T12:32:33+00:00\",\"dateModified\":\"2026-01-26T19:42:01+00:00\",\"description\":\"Loma Negra es la empresa L\u00edder en la producci\u00f3n y comercializaci\u00f3n de cemento en la Argentina y somos protagonistas de la industria de la construcci\u00f3n.\",\"breadcrumb\":{\"@id\":\"https:\/\/www.lomanegra.com\/#breadcrumb\"},\"inLanguage\":\"en-US\",\"potentialAction\":[{\"@type\":\"ReadAction\",\"target\":[\"https:\/\/www.lomanegra.com\/\"]}]},{\"@type\":\"ImageObject\",\"inLanguage\":\"en-US\",\"@id\":\"https:\/\/www.lomanegra.com\/#primaryimage\",\"url\":\"https:\/\/www.lomanegra.com\/wp-content\/uploads\/2017\/10\/loma-negra-logo.png\",\"contentUrl\":\"https:\/\/www.lomanegra.com\/wp-content\/uploads\/2017\/10\/loma-negra-logo.png\",\"width\":600,\"height\":600,\"caption\":\"Loma Negra\"},{\"@type\":\"BreadcrumbList\",\"@id\":\"https:\/\/www.lomanegra.com\/#breadcrumb\",\"itemListElement\":[{\"@type\":\"ListItem\",\"position\":1,\"name\":\"Inicio\",\"item\":\"https:\/\/www.lomanegra.com\/\"},{\"@type\":\"ListItem\",\"position\":2,\"name\":\"Inicio\"}]},{\"@type\":\"WebSite\",\"@id\":\"https:\/\/www.lomanegra.com\/en\/#website\",\"url\":\"https:\/\/www.lomanegra.com\/en\/\",\"name\":\"Loma Negra\",\"description\":\"Construyendo alianzas sustentables\",\"publisher\":{\"@id\":\"https:\/\/www.lomanegra.com\/en\/#organization\"},\"potentialAction\":[{\"@type\":\"SearchAction\",\"target\":{\"@type\":\"EntryPoint\",\"urlTemplate\":\"https:\/\/www.lomanegra.com\/en\/?s={search_term_string}\"},\"query-input\":{\"@type\":\"PropertyValueSpecification\",\"valueRequired\":true,\"valueName\":\"search_term_string\"}}],\"inLanguage\":\"en-US\"},{\"@type\":\"Organization\",\"@id\":\"https:\/\/www.lomanegra.com\/en\/#organization\",\"name\":\"Loma Negra\",\"url\":\"https:\/\/www.lomanegra.com\/en\/\",\"logo\":{\"@type\":\"ImageObject\",\"inLanguage\":\"en-US\",\"@id\":\"https:\/\/www.lomanegra.com\/en\/#\/schema\/logo\/image\/\",\"url\":\"https:\/\/www.lomanegra.com\/wp-content\/uploads\/2017\/09\/logo-loma-negra.png\",\"contentUrl\":\"https:\/\/www.lomanegra.com\/wp-content\/uploads\/2017\/09\/logo-loma-negra.png\",\"width\":271,\"height\":99,\"caption\":\"Loma Negra\"},\"image\":{\"@id\":\"https:\/\/www.lomanegra.com\/en\/#\/schema\/logo\/image\/\"}}]}<\/script>\n<!-- \/ Yoast SEO plugin. -->","yoast_head_json":{"title":"Loma Negra, L\u00edder en la producci\u00f3n y comercializaci\u00f3n de cemento","description":"Loma Negra es la empresa L\u00edder en la producci\u00f3n y comercializaci\u00f3n de cemento en la Argentina y somos protagonistas de la industria de la construcci\u00f3n.","robots":{"index":"index","follow":"follow","max-snippet":"max-snippet:-1","max-image-preview":"max-image-preview:large","max-video-preview":"max-video-preview:-1"},"canonical":"https:\/\/www.lomanegra.com\/","og_locale":"en_US","og_type":"article","og_title":"Loma Negra, L\u00edder en la producci\u00f3n y comercializaci\u00f3n de cemento","og_description":"Loma Negra es la empresa L\u00edder en la producci\u00f3n y comercializaci\u00f3n de cemento en la Argentina y somos protagonistas de la industria de la construcci\u00f3n.","og_url":"https:\/\/www.lomanegra.com\/","og_site_name":"Loma Negra","article_modified_time":"2026-01-26T19:42:01+00:00","og_image":[{"width":600,"height":600,"url":"https:\/\/www.lomanegra.com\/wp-content\/uploads\/2017\/10\/loma-negra-logo.png","type":"image\/png"}],"twitter_card":"summary_large_image","twitter_misc":{"Est. reading time":"2 minutes"},"schema":{"@context":"https:\/\/schema.org","@graph":[{"@type":"WebPage","@id":"https:\/\/www.lomanegra.com\/","url":"https:\/\/www.lomanegra.com\/","name":"Loma Negra, L\u00edder en la producci\u00f3n y comercializaci\u00f3n de cemento","isPartOf":{"@id":"https:\/\/www.lomanegra.com\/en\/#website"},"primaryImageOfPage":{"@id":"https:\/\/www.lomanegra.com\/#primaryimage"},"image":{"@id":"https:\/\/www.lomanegra.com\/#primaryimage"},"thumbnailUrl":"https:\/\/www.lomanegra.com\/wp-content\/uploads\/2017\/10\/loma-negra-logo.png","datePublished":"2017-09-25T12:32:33+00:00","dateModified":"2026-01-26T19:42:01+00:00","description":"Loma Negra es la empresa L\u00edder en la producci\u00f3n y comercializaci\u00f3n de cemento en la Argentina y somos protagonistas de la industria de la construcci\u00f3n.","breadcrumb":{"@id":"https:\/\/www.lomanegra.com\/#breadcrumb"},"inLanguage":"en-US","potentialAction":[{"@type":"ReadAction","target":["https:\/\/www.lomanegra.com\/"]}]},{"@type":"ImageObject","inLanguage":"en-US","@id":"https:\/\/www.lomanegra.com\/#primaryimage","url":"https:\/\/www.lomanegra.com\/wp-content\/uploads\/2017\/10\/loma-negra-logo.png","contentUrl":"https:\/\/www.lomanegra.com\/wp-content\/uploads\/2017\/10\/loma-negra-logo.png","width":600,"height":600,"caption":"Loma Negra"},{"@type":"BreadcrumbList","@id":"https:\/\/www.lomanegra.com\/#breadcrumb","itemListElement":[{"@type":"ListItem","position":1,"name":"Inicio","item":"https:\/\/www.lomanegra.com\/"},{"@type":"ListItem","position":2,"name":"Inicio"}]},{"@type":"WebSite","@id":"https:\/\/www.lomanegra.com\/en\/#website","url":"https:\/\/www.lomanegra.com\/en\/","name":"Loma Negra","description":"Construyendo alianzas sustentables","publisher":{"@id":"https:\/\/www.lomanegra.com\/en\/#organization"},"potentialAction":[{"@type":"SearchAction","target":{"@type":"EntryPoint","urlTemplate":"https:\/\/www.lomanegra.com\/en\/?s={search_term_string}"},"query-input":{"@type":"PropertyValueSpecification","valueRequired":true,"valueName":"search_term_string"}}],"inLanguage":"en-US"},{"@type":"Organization","@id":"https:\/\/www.lomanegra.com\/en\/#organization","name":"Loma Negra","url":"https:\/\/www.lomanegra.com\/en\/","logo":{"@type":"ImageObject","inLanguage":"en-US","@id":"https:\/\/www.lomanegra.com\/en\/#\/schema\/logo\/image\/","url":"https:\/\/www.lomanegra.com\/wp-content\/uploads\/2017\/09\/logo-loma-negra.png","contentUrl":"https:\/\/www.lomanegra.com\/wp-content\/uploads\/2017\/09\/logo-loma-negra.png","width":271,"height":99,"caption":"Loma Negra"},"image":{"@id":"https:\/\/www.lomanegra.com\/en\/#\/schema\/logo\/image\/"}}]}},"_links":{"self":[{"href":"https:\/\/www.lomanegra.com\/en\/wp-json\/wp\/v2\/pages\/4","targetHints":{"allow":["GET"]}}],"collection":[{"href":"https:\/\/www.lomanegra.com\/en\/wp-json\/wp\/v2\/pages"}],"about":[{"href":"https:\/\/www.lomanegra.com\/en\/wp-json\/wp\/v2\/types\/page"}],"author":[{"embeddable":true,"href":"https:\/\/www.lomanegra.com\/en\/wp-json\/wp\/v2\/users\/6"}],"replies":[{"embeddable":true,"href":"https:\/\/www.lomanegra.com\/en\/wp-json\/wp\/v2\/comments?post=4"}],"version-history":[{"count":251,"href":"https:\/\/www.lomanegra.com\/en\/wp-json\/wp\/v2\/pages\/4\/revisions"}],"predecessor-version":[{"id":10017,"href":"https:\/\/www.lomanegra.com\/en\/wp-json\/wp\/v2\/pages\/4\/revisions\/10017"}],"wp:featuredmedia":[{"embeddable":true,"href":"https:\/\/www.lomanegra.com\/en\/wp-json\/wp\/v2\/media\/1675"}],"wp:attachment":[{"href":"https:\/\/www.lomanegra.com\/en\/wp-json\/wp\/v2\/media?parent=4"}],"curies":[{"name":"wp","href":"https:\/\/api.w.org\/{rel}","templated":true}]}}