{"id":2899,"date":"2022-03-10T18:21:51","date_gmt":"2022-03-10T18:21:51","guid":{"rendered":"https:\/\/www.lomanegra.com\/?page_id=2899"},"modified":"2025-10-01T14:07:10","modified_gmt":"2025-10-01T14:07:10","slug":"archivos-utiles","status":"publish","type":"page","link":"https:\/\/www.lomanegra.com\/en\/archivos\/","title":{"rendered":"Archivos"},"content":{"rendered":"","protected":false},"excerpt":{"rendered":"<p class=\"qtranxs-available-languages-message qtranxs-available-languages-message-en\">Sorry, this entry is only available in <a href=\"https:\/\/www.lomanegra.com\/es\/wp-json\/wp\/v2\/pages\/2899\" class=\"qtranxs-available-language-link qtranxs-available-language-link-es\" title=\"ES\">ES<\/a>. For the sake of viewer convenience, the content is shown below in the alternative language. You may click the link to switch the active language.<\/p>\n<p>\u00bfSos cliente Loma Negra y quer\u00e9s hacer comunicaci\u00f3n sobre nuestros productos? Descarg\u00e1 ac\u00e1 material para poder hacerlo..<\/p>\n","protected":false},"author":6,"featured_media":0,"parent":0,"menu_order":0,"comment_status":"closed","ping_status":"closed","template":"","meta":{"_joinchat":[],"footnotes":""},"class_list":["post-2899","page","type-page","status-publish","hentry"],"acf":[],"yoast_head":"<!-- This site is optimized with the Yoast SEO plugin v25.3.1 - https:\/\/yoast.com\/wordpress\/plugins\/seo\/ -->\n<title>Archivos - Loma Negra<\/title>\n<meta name=\"description\" content=\"\u00bfSos cliente Loma Negra y quer\u00e9s hacer comunicaci\u00f3n sobre nuestros productos? Descarg\u00e1 ac\u00e1 material para poder hacerlo..\" \/>\n<meta name=\"robots\" content=\"index, follow, max-snippet:-1, max-image-preview:large, max-video-preview:-1\" \/>\n<link rel=\"canonical\" href=\"https:\/\/www.lomanegra.com\/a-archivos-utiles\/\" \/>\n<meta property=\"og:locale\" content=\"en_US\" \/>\n<meta property=\"og:type\" content=\"article\" \/>\n<meta property=\"og:title\" content=\"Archivos - Loma Negra\" \/>\n<meta property=\"og:description\" content=\"\u00bfSos cliente Loma Negra y quer\u00e9s hacer comunicaci\u00f3n sobre nuestros productos? Descarg\u00e1 ac\u00e1 material para poder hacerlo..\" \/>\n<meta property=\"og:url\" content=\"https:\/\/www.lomanegra.com\/a-archivos-utiles\/\" \/>\n<meta property=\"og:site_name\" content=\"Loma Negra\" \/>\n<meta property=\"article:modified_time\" content=\"2025-10-01T14:07:10+00:00\" \/>\n<meta name=\"twitter:card\" content=\"summary_large_image\" \/>\n<meta name=\"twitter:label1\" content=\"Est. reading time\" \/>\n\t<meta name=\"twitter:data1\" content=\"3 minutes\" \/>\n<script type=\"application\/ld+json\" class=\"yoast-schema-graph\">{\"@context\":\"https:\/\/schema.org\",\"@graph\":[{\"@type\":\"WebPage\",\"@id\":\"https:\/\/www.lomanegra.com\/a-archivos-utiles\/\",\"url\":\"https:\/\/www.lomanegra.com\/a-archivos-utiles\/\",\"name\":\"Archivos - Loma Negra\",\"isPartOf\":{\"@id\":\"https:\/\/www.lomanegra.com\/en\/#website\"},\"datePublished\":\"2022-03-10T18:21:51+00:00\",\"dateModified\":\"2025-10-01T14:07:10+00:00\",\"description\":\"\u00bfSos cliente Loma Negra y quer\u00e9s hacer comunicaci\u00f3n sobre nuestros productos? Descarg\u00e1 ac\u00e1 material para poder hacerlo..\",\"breadcrumb\":{\"@id\":\"https:\/\/www.lomanegra.com\/a-archivos-utiles\/#breadcrumb\"},\"inLanguage\":\"en-US\",\"potentialAction\":[{\"@type\":\"ReadAction\",\"target\":[\"https:\/\/www.lomanegra.com\/a-archivos-utiles\/\"]}]},{\"@type\":\"BreadcrumbList\",\"@id\":\"https:\/\/www.lomanegra.com\/a-archivos-utiles\/#breadcrumb\",\"itemListElement\":[{\"@type\":\"ListItem\",\"position\":1,\"name\":\"Inicio\",\"item\":\"https:\/\/www.lomanegra.com\/\"},{\"@type\":\"ListItem\",\"position\":2,\"name\":\"Archivos utiles\"}]},{\"@type\":\"WebSite\",\"@id\":\"https:\/\/www.lomanegra.com\/en\/#website\",\"url\":\"https:\/\/www.lomanegra.com\/en\/\",\"name\":\"Loma Negra\",\"description\":\"Construyendo alianzas sustentables\",\"publisher\":{\"@id\":\"https:\/\/www.lomanegra.com\/en\/#organization\"},\"potentialAction\":[{\"@type\":\"SearchAction\",\"target\":{\"@type\":\"EntryPoint\",\"urlTemplate\":\"https:\/\/www.lomanegra.com\/en\/?s={search_term_string}\"},\"query-input\":{\"@type\":\"PropertyValueSpecification\",\"valueRequired\":true,\"valueName\":\"search_term_string\"}}],\"inLanguage\":\"en-US\"},{\"@type\":\"Organization\",\"@id\":\"https:\/\/www.lomanegra.com\/en\/#organization\",\"name\":\"Loma Negra\",\"url\":\"https:\/\/www.lomanegra.com\/en\/\",\"logo\":{\"@type\":\"ImageObject\",\"inLanguage\":\"en-US\",\"@id\":\"https:\/\/www.lomanegra.com\/en\/#\/schema\/logo\/image\/\",\"url\":\"https:\/\/www.lomanegra.com\/wp-content\/uploads\/2017\/09\/logo-loma-negra.png\",\"contentUrl\":\"https:\/\/www.lomanegra.com\/wp-content\/uploads\/2017\/09\/logo-loma-negra.png\",\"width\":271,\"height\":99,\"caption\":\"Loma Negra\"},\"image\":{\"@id\":\"https:\/\/www.lomanegra.com\/en\/#\/schema\/logo\/image\/\"}}]}<\/script>\n<!-- \/ Yoast SEO plugin. -->","yoast_head_json":{"title":"Archivos - Loma Negra","description":"\u00bfSos cliente Loma Negra y quer\u00e9s hacer comunicaci\u00f3n sobre nuestros productos? Descarg\u00e1 ac\u00e1 material para poder hacerlo..","robots":{"index":"index","follow":"follow","max-snippet":"max-snippet:-1","max-image-preview":"max-image-preview:large","max-video-preview":"max-video-preview:-1"},"canonical":"https:\/\/www.lomanegra.com\/a-archivos-utiles\/","og_locale":"en_US","og_type":"article","og_title":"Archivos - Loma Negra","og_description":"\u00bfSos cliente Loma Negra y quer\u00e9s hacer comunicaci\u00f3n sobre nuestros productos? Descarg\u00e1 ac\u00e1 material para poder hacerlo..","og_url":"https:\/\/www.lomanegra.com\/a-archivos-utiles\/","og_site_name":"Loma Negra","article_modified_time":"2025-10-01T14:07:10+00:00","twitter_card":"summary_large_image","twitter_misc":{"Est. reading time":"3 minutes"},"schema":{"@context":"https:\/\/schema.org","@graph":[{"@type":"WebPage","@id":"https:\/\/www.lomanegra.com\/a-archivos-utiles\/","url":"https:\/\/www.lomanegra.com\/a-archivos-utiles\/","name":"Archivos - Loma Negra","isPartOf":{"@id":"https:\/\/www.lomanegra.com\/en\/#website"},"datePublished":"2022-03-10T18:21:51+00:00","dateModified":"2025-10-01T14:07:10+00:00","description":"\u00bfSos cliente Loma Negra y quer\u00e9s hacer comunicaci\u00f3n sobre nuestros productos? Descarg\u00e1 ac\u00e1 material para poder hacerlo..","breadcrumb":{"@id":"https:\/\/www.lomanegra.com\/a-archivos-utiles\/#breadcrumb"},"inLanguage":"en-US","potentialAction":[{"@type":"ReadAction","target":["https:\/\/www.lomanegra.com\/a-archivos-utiles\/"]}]},{"@type":"BreadcrumbList","@id":"https:\/\/www.lomanegra.com\/a-archivos-utiles\/#breadcrumb","itemListElement":[{"@type":"ListItem","position":1,"name":"Inicio","item":"https:\/\/www.lomanegra.com\/"},{"@type":"ListItem","position":2,"name":"Archivos utiles"}]},{"@type":"WebSite","@id":"https:\/\/www.lomanegra.com\/en\/#website","url":"https:\/\/www.lomanegra.com\/en\/","name":"Loma Negra","description":"Construyendo alianzas sustentables","publisher":{"@id":"https:\/\/www.lomanegra.com\/en\/#organization"},"potentialAction":[{"@type":"SearchAction","target":{"@type":"EntryPoint","urlTemplate":"https:\/\/www.lomanegra.com\/en\/?s={search_term_string}"},"query-input":{"@type":"PropertyValueSpecification","valueRequired":true,"valueName":"search_term_string"}}],"inLanguage":"en-US"},{"@type":"Organization","@id":"https:\/\/www.lomanegra.com\/en\/#organization","name":"Loma Negra","url":"https:\/\/www.lomanegra.com\/en\/","logo":{"@type":"ImageObject","inLanguage":"en-US","@id":"https:\/\/www.lomanegra.com\/en\/#\/schema\/logo\/image\/","url":"https:\/\/www.lomanegra.com\/wp-content\/uploads\/2017\/09\/logo-loma-negra.png","contentUrl":"https:\/\/www.lomanegra.com\/wp-content\/uploads\/2017\/09\/logo-loma-negra.png","width":271,"height":99,"caption":"Loma Negra"},"image":{"@id":"https:\/\/www.lomanegra.com\/en\/#\/schema\/logo\/image\/"}}]}},"_links":{"self":[{"href":"https:\/\/www.lomanegra.com\/en\/wp-json\/wp\/v2\/pages\/2899","targetHints":{"allow":["GET"]}}],"collection":[{"href":"https:\/\/www.lomanegra.com\/en\/wp-json\/wp\/v2\/pages"}],"about":[{"href":"https:\/\/www.lomanegra.com\/en\/wp-json\/wp\/v2\/types\/page"}],"author":[{"embeddable":true,"href":"https:\/\/www.lomanegra.com\/en\/wp-json\/wp\/v2\/users\/6"}],"replies":[{"embeddable":true,"href":"https:\/\/www.lomanegra.com\/en\/wp-json\/wp\/v2\/comments?post=2899"}],"version-history":[{"count":38,"href":"https:\/\/www.lomanegra.com\/en\/wp-json\/wp\/v2\/pages\/2899\/revisions"}],"predecessor-version":[{"id":9984,"href":"https:\/\/www.lomanegra.com\/en\/wp-json\/wp\/v2\/pages\/2899\/revisions\/9984"}],"wp:attachment":[{"href":"https:\/\/www.lomanegra.com\/en\/wp-json\/wp\/v2\/media?parent=2899"}],"curies":[{"name":"wp","href":"https:\/\/api.w.org\/{rel}","templated":true}]}}